{"id":16946,"date":"2026-03-17T21:46:43","date_gmt":"2026-03-17T21:46:43","guid":{"rendered":"https:\/\/kalim.ba\/?page_id=16946"},"modified":"2026-03-17T21:48:51","modified_gmt":"2026-03-17T21:48:51","slug":"impressum","status":"publish","type":"page","link":"https:\/\/kalim.ba\/en\/impressum\/","title":{"rendered":"Impressum"},"content":{"rendered":"<div data-elementor-type=\"wp-page\" data-elementor-id=\"16946\" class=\"elementor elementor-16946\">\n\t\t\t\t\t\t<section class=\"elementor-section elementor-top-section elementor-element elementor-element-5b25725 elementor-section-boxed elementor-section-height-default elementor-section-height-default\" data-id=\"5b25725\" data-element_type=\"section\">\n\t\t\t\t\t\t<div class=\"elementor-container elementor-column-gap-default\">\n\t\t\t\t\t<div class=\"elementor-column elementor-col-100 elementor-top-column elementor-element elementor-element-7ec86e7\" data-id=\"7ec86e7\" data-element_type=\"column\">\n\t\t\t<div class=\"elementor-widget-wrap elementor-element-populated\">\n\t\t\t\t\t\t<div class=\"elementor-element elementor-element-f564b49 color-scheme-inherit text-left elementor-widget elementor-widget-text-editor\" data-id=\"f564b49\" data-element_type=\"widget\" data-widget_type=\"text-editor.default\">\n\t\t\t\t<div class=\"elementor-widget-container\">\n\t\t\t\t\t\t\t<p data-start=\"15\" data-end=\"209\">Ova web stranica i svi njeni sadr\u017eaji predstavljaju slu\u017ebenu online prezentaciju dru\u0161tva D.O.O. &#8220;KALIM-PROFIL&#8221; Dru\u0161tvo za proizvodnju, promet i usluge Te\u0161anj (u daljnjem tekstu: \u201cKALIM PROFIL\u201d).<\/p><p data-start=\"211\" data-end=\"231\"><strong data-start=\"211\" data-end=\"231\">Podaci o dru\u0161tvu<\/strong><\/p><p data-start=\"233\" data-end=\"455\">Naziv: D.O.O. &#8220;KALIM-PROFIL&#8221; Dru\u0161tvo za proizvodnju, promet i usluge Te\u0161anj<br data-start=\"308\" data-end=\"311\" \/>Skra\u0107eni naziv: KALIM PROFIL D.O.O.<br data-start=\"346\" data-end=\"349\" \/>Sjedi\u0161te: Te\u0161anj, Bosna i Hercegovina<br data-start=\"386\" data-end=\"389\" \/>Datum osnivanja: 6.2.2006.<br data-start=\"415\" data-end=\"418\" \/>Veli\u010dina dru\u0161tva: srednja kompanija<\/p><p data-start=\"457\" data-end=\"482\"><strong data-start=\"457\" data-end=\"482\">Registracijski podaci<\/strong><\/p><p data-start=\"484\" data-end=\"575\">JIB: 4218514260001<br data-start=\"502\" data-end=\"505\" \/>MBS: 43-01-0803-11<br data-start=\"523\" data-end=\"526\" \/>Nadle\u017eni registarski sud: Op\u0107inski sud u Zenici<\/p><p data-start=\"577\" data-end=\"591\"><strong data-start=\"577\" data-end=\"591\">Djelatnost<\/strong><\/p><p data-start=\"593\" data-end=\"784\">Osnovna djelatnost dru\u0161tva je proizvodnja metalnih konstrukcija i njihovih dijelova (C 25.11), uklju\u010duju\u0107i usluge obrade metala kao \u0161to su rezanje vodenim mlazom, lasersko rezanje i glodanje.<\/p><p data-start=\"786\" data-end=\"812\"><strong data-start=\"786\" data-end=\"812\">Odgovornost za sadr\u017eaj<\/strong><\/p><p data-start=\"814\" data-end=\"1025\">KALIM PROFIL ula\u017ee maksimalne napore kako bi osigurao ta\u010dnost i a\u017eurnost informacija objavljenih na ovoj web stranici. Me\u0111utim, ne preuzimamo odgovornost za eventualne gre\u0161ke, neta\u010dnosti ili propuste u sadr\u017eaju.<\/p><p data-start=\"1027\" data-end=\"1117\">Zadr\u017eavamo pravo izmjene sadr\u017eaja web stranice u bilo kojem trenutku bez prethodne najave.<\/p><p data-start=\"1119\" data-end=\"1145\"><strong data-start=\"1119\" data-end=\"1145\">Odgovornost za linkove<\/strong><\/p><p data-start=\"1147\" data-end=\"1338\">Na\u0161a web stranica mo\u017ee sadr\u017eavati linkove prema drugim web stranicama nad kojima nemamo kontrolu. KALIM PROFIL ne preuzima odgovornost za sadr\u017eaj, ta\u010dnost ili sigurnost tih vanjskih stranica.<\/p><p data-start=\"1340\" data-end=\"1414\">Kori\u0161tenje takvih linkova je isklju\u010divo na vlastitu odgovornost korisnika.<\/p><p data-start=\"1416\" data-end=\"1434\"><strong data-start=\"1416\" data-end=\"1434\">Autorska prava<\/strong><\/p><p data-start=\"1436\" data-end=\"1611\">Sav sadr\u017eaj objavljen na ovoj web stranici, uklju\u010duju\u0107i tekstove, slike, grafike i druge materijale, vlasni\u0161tvo je dru\u0161tva KALIM PROFIL ili se koristi uz odgovaraju\u0107e dozvole.<\/p><p data-start=\"1613\" data-end=\"1759\">Zabranjeno je kopiranje, distribucija ili bilo kakvo kori\u0161tenje sadr\u017eaja bez prethodne pisane saglasnosti, osim u slu\u010dajevima dozvoljenim zakonom.<\/p><p data-start=\"1761\" data-end=\"1781\"><strong data-start=\"1761\" data-end=\"1781\">Za\u0161tita podataka<\/strong><\/p><p data-start=\"1783\" data-end=\"1977\">Za\u0161tita li\u010dnih podataka regulirana je posebnim dokumentima \u2013 Politikom privatnosti i Politikom za\u0161tite podataka. Kori\u0161tenjem ove web stranice potvr\u0111ujete da ste upoznati s navedenim dokumentima.<\/p><p data-start=\"1979\" data-end=\"2001\"><strong data-start=\"1979\" data-end=\"2001\">Rje\u0161avanje sporova<\/strong><\/p><p data-start=\"2003\" data-end=\"2165\">Na sve pravne odnose u vezi s ovom web stranicom primjenjuje se pravo Bosne i Hercegovine. U slu\u010daju spora nadle\u017ean je stvarno nadle\u017eni sud u Bosni i Hercegovini.<\/p><p data-start=\"2167\" data-end=\"2178\"><strong data-start=\"2167\" data-end=\"2178\">Contact<\/strong><\/p><p data-start=\"2180\" data-end=\"2338\" data-is-last-node=\"\" data-is-only-node=\"\">Za sva pitanja u vezi ove web stranice i poslovanja dru\u0161tva mo\u017eete nas kontaktirati putem slu\u017ebenih komunikacijskih kanala dru\u0161tva KALIM PROFIL D.O.O. Te\u0161anj.<\/p>\t\t\t\t\t\t<\/div>\n\t\t\t\t<\/div>\n\t\t\t\t\t<\/div>\n\t\t<\/div>\n\t\t\t\t\t<\/div>\n\t\t<\/section>\n\t\t\t\t<\/div>","protected":false},"excerpt":{"rendered":"<p>Ova web stranica i svi njeni sadr\u017eaji predstavljaju slu\u017ebenu online prezentaciju dru\u0161tva D.O.O. &#8220;KALIM-PROFIL&#8221; Dru\u0161tvo za proizvodnju, promet i usluge<\/p>","protected":false},"author":1,"featured_media":0,"parent":0,"menu_order":0,"comment_status":"closed","ping_status":"closed","template":"","meta":{"footnotes":""},"class_list":["post-16946","page","type-page","status-publish","hentry"],"_links":{"self":[{"href":"https:\/\/kalim.ba\/en\/wp-json\/wp\/v2\/pages\/16946","targetHints":{"allow":["GET"]}}],"collection":[{"href":"https:\/\/kalim.ba\/en\/wp-json\/wp\/v2\/pages"}],"about":[{"href":"https:\/\/kalim.ba\/en\/wp-json\/wp\/v2\/types\/page"}],"author":[{"embeddable":true,"href":"https:\/\/kalim.ba\/en\/wp-json\/wp\/v2\/users\/1"}],"replies":[{"embeddable":true,"href":"https:\/\/kalim.ba\/en\/wp-json\/wp\/v2\/comments?post=16946"}],"version-history":[{"count":4,"href":"https:\/\/kalim.ba\/en\/wp-json\/wp\/v2\/pages\/16946\/revisions"}],"predecessor-version":[{"id":16950,"href":"https:\/\/kalim.ba\/en\/wp-json\/wp\/v2\/pages\/16946\/revisions\/16950"}],"wp:attachment":[{"href":"https:\/\/kalim.ba\/en\/wp-json\/wp\/v2\/media?parent=16946"}],"curies":[{"name":"wp","href":"https:\/\/api.w.org\/{rel}","templated":true}]}}